{"id":49,"date":"2023-03-17T13:15:12","date_gmt":"2023-03-17T12:15:12","guid":{"rendered":"https:\/\/jm119.web.amu.edu.pl\/?page_id=49"},"modified":"2026-03-02T23:09:02","modified_gmt":"2026-03-02T22:09:02","slug":"publikacje","status":"publish","type":"page","link":"https:\/\/jm119.web.amu.edu.pl\/?page_id=49&lang=pl","title":{"rendered":"Publikacje"},"content":{"rendered":"\t\t<div data-elementor-type=\"wp-page\" data-elementor-id=\"49\" class=\"elementor elementor-49\">\n\t\t\t\t\t\t\t\t\t<section class=\"elementor-section elementor-top-section elementor-element elementor-element-82a3003 elementor-section-boxed elementor-section-height-default elementor-section-height-default\" data-id=\"82a3003\" data-element_type=\"section\">\n\t\t\t\t\t\t<div class=\"elementor-container elementor-column-gap-default\">\n\t\t\t\t\t<div class=\"elementor-column elementor-col-100 elementor-top-column elementor-element elementor-element-6b52fad\" data-id=\"6b52fad\" data-element_type=\"column\">\n\t\t\t<div class=\"elementor-widget-wrap elementor-element-populated\">\n\t\t\t\t\t\t\t\t<div class=\"elementor-element elementor-element-341d087 elementor-widget elementor-widget-heading\" data-id=\"341d087\" data-element_type=\"widget\" data-widget_type=\"heading.default\">\n\t\t\t\t<div class=\"elementor-widget-container\">\n\t\t\t<style>\/*! elementor - v3.13.3 - 28-05-2023 *\/\n.elementor-heading-title{padding:0;margin:0;line-height:1}.elementor-widget-heading .elementor-heading-title[class*=elementor-size-]>a{color:inherit;font-size:inherit;line-height:inherit}.elementor-widget-heading .elementor-heading-title.elementor-size-small{font-size:15px}.elementor-widget-heading .elementor-heading-title.elementor-size-medium{font-size:19px}.elementor-widget-heading .elementor-heading-title.elementor-size-large{font-size:29px}.elementor-widget-heading .elementor-heading-title.elementor-size-xl{font-size:39px}.elementor-widget-heading .elementor-heading-title.elementor-size-xxl{font-size:59px}<\/style><h2 class=\"elementor-heading-title elementor-size-default\">Wybrane artyku\u0142y i komentarze naukowe<\/h2>\t\t<\/div>\n\t\t\t\t<\/div>\n\t\t\t\t\t<\/div>\n\t\t<\/div>\n\t\t\t\t\t\t\t<\/div>\n\t\t<\/section>\n\t\t\t\t<section class=\"elementor-section elementor-top-section elementor-element elementor-element-32468829 elementor-section-boxed elementor-section-height-default elementor-section-height-default\" data-id=\"32468829\" data-element_type=\"section\">\n\t\t\t\t\t\t<div class=\"elementor-container elementor-column-gap-default\">\n\t\t\t\t\t<div class=\"elementor-column elementor-col-100 elementor-top-column elementor-element elementor-element-5d3924a8\" data-id=\"5d3924a8\" data-element_type=\"column\">\n\t\t\t<div class=\"elementor-widget-wrap elementor-element-populated\">\n\t\t\t\t\t\t\t\t<div class=\"elementor-element elementor-element-40cbdfc6 elementor-widget elementor-widget-text-editor\" data-id=\"40cbdfc6\" data-element_type=\"widget\" data-widget_type=\"text-editor.default\">\n\t\t\t\t<div class=\"elementor-widget-container\">\n\t\t\t<style>\/*! elementor - v3.13.3 - 28-05-2023 *\/\n.elementor-widget-text-editor.elementor-drop-cap-view-stacked .elementor-drop-cap{background-color:#69727d;color:#fff}.elementor-widget-text-editor.elementor-drop-cap-view-framed .elementor-drop-cap{color:#69727d;border:3px solid;background-color:transparent}.elementor-widget-text-editor:not(.elementor-drop-cap-view-default) .elementor-drop-cap{margin-top:8px}.elementor-widget-text-editor:not(.elementor-drop-cap-view-default) .elementor-drop-cap-letter{width:1em;height:1em}.elementor-widget-text-editor .elementor-drop-cap{float:left;text-align:center;line-height:1;font-size:50px}.elementor-widget-text-editor .elementor-drop-cap-letter{display:inline-block}<\/style>\t\t\t\t<div>\u00a0Malinowska, J.K. (2026). <a href=\"https:\/\/doi.org\/10.1007\/s11019-026-10330-w\">White by default: conceptual and methodological limits of binary white logic in global health equity research. <\/a><i>Med Health Care and Philos<\/i>. <a href=\"https:\/\/doi.org\/10.1007\/s11019-026-10330-w\">https:\/\/doi.org\/10.1007\/s11019-026-10330-w<\/a><\/div>\n<div>\u00a0<\/div>\n<div>Malinowska J.K., Petrolini B., Serpico D. (2026). <a href=\"https:\/\/jm119.web.amu.edu.pl\/wp-content\/uploads\/2026\/03\/Malinowska-Petrolini-Serpico-2026-Why-Does-the-Theory-of-Mind-Paradigm-of-Autism-Persist_Pre-print.pdf\">Why Does the Theory-of-Mind Paradigm of Autism Persist<\/a>? <em>Psychological Inquiry, 36:4, 289-293, DOI: <a href=\"https:\/\/jm119.web.amu.edu.pl\/wp-content\/uploads\/2026\/03\/Malinowska-Petrolini-Serpico-2026-Why-Does-the-Theory-of-Mind-Paradigm-of-Autism-Persist_Pre-print.pdf\">10.1080\/1047840X.2025.2605598<\/a><\/em><br \/><em><br \/><\/em><\/div>\n<div>\n<p>Malinowska J.K. (2025). <a href=\"https:\/\/jm119.web.amu.edu.pl\/wp-content\/uploads\/2025\/10\/Oops_You_Are_Doing_It_Again_Pharmacogenomics_and_the_Biologisation_of_Drug_Labels.pdf\">Oops! You Are Doing It Again: Pharmacogenomics and the Biologisation of Drug Labels<\/a> <i>Behemoth<\/i>,\u00a018\/2025, 7-27 (as part of the special issue <em>National Identities, Biopolitics and Human Diversity in Contemporary European Life Sciences<\/em> edited by Andrea zur Nieden).<\/p>\n<\/div>\n<p>\u017buradzki, T., Malinowska, J.K. (2024). <a href=\"https:\/\/doi.org\/10.1007\/s11229-024-04769-8\">Ethno-racial categorisations for biomedical studies: the fair selection of research participants and population stratification<\/a>. <i>Synthese<\/i> 204, 130.<\/p>\n<p>Malinowska, J. K. (2024). <a href=\"https:\/\/www.tandfonline.com\/doi\/full\/10.1080\/2158379X.2024.2349943\">Let\u2019s talk about the ghosts in the room: the haunting language of biological differences: <em>Haunting biology: science and indigeneity in Australia<\/em>, by Emma Kowal, Durham &amp; London, Duke University Press, 2023<\/a>, <i>Journal of Political Power<\/i>, 1\u20137. https:\/\/doi.org\/10.1080\/2158379X.2024.2349943, Author&#8217;s Original Manuscript: <a href=\"https:\/\/jm119.web.amu.edu.pl\/wp-content\/uploads\/2024\/05\/Haunting-Biology-JM-review-Apr-2024.pdf\">Malinowska J.,K. (2024) Let\u2019s talk about the ghosts in the room, Journal of Political Power<\/a><\/p>\n<p>Malinowska, J. K., &amp; Serpico, D. (2023). <a href=\"https:\/\/www.journals.uchicago.edu\/doi\/10.1086\/727957\">Epistemological Pitfalls in the Proxy Theory of Race: The Case of Genomics-Based Medicine.<\/a> <em>British Journal for the Philosophy<\/em> of Science, https:\/\/doi.org\/10.1086\/727957.<\/p>\n<p style=\"font-size: 17px; text-align: justify;\">Malinowska, J. K., &amp; \u017buradzki, T. (2023). <a href=\"https:\/\/link.springer.com\/article\/10.1007\/s11229-022-04004-2\" target=\"_blank\" rel=\"noreferrer noopener\" data-type=\"URL\" data-id=\"https:\/\/link.springer.com\/article\/10.1007\/s11229-022-04004-2\">Towards the multileveled and processual conceptualisation of racialised individuals in biomedical research<\/a>.\u00a0<em>Synthese<\/em>,\u00a0<em>201<\/em> (1), 11.<\/p>\n<p style=\"text-align: justify;\"><!-- \/wp:paragraph --><!-- wp:paragraph {\"style\":{\"typography\":{\"fontSize\":\"17px\"}}} --><\/p>\n<p style=\"font-size: 17px; text-align: justify;\">Malinowska, J.K., \u017buradzki T. (2023).<em>\u00a0<\/em><a href=\"https:\/\/doi.org\/10.1007\/s11019-022-10122-y\" target=\"_blank\" rel=\"noreferrer noopener\">Reductionist methodology and the ambiguity of the categories of race and ethnicity in biomedical research: an exploratory study of recent evidence.<\/a> <em>Medicine, Health Care and Philosophy<\/em>.<\/p>\n<p style=\"text-align: justify;\"><!-- \/wp:paragraph --><!-- wp:paragraph {\"style\":{\"typography\":{\"fontSize\":\"17px\"}}} --><\/p>\n<p style=\"font-size: 17px; text-align: justify;\">Malinowska, J. K., &amp; Choma\u0144ski, B. (2022).\u00a0<a href=\"https:\/\/www.researchgate.net\/publication\/361493466_Health_Privacy_Racialization_and_the_Causal_Potential_of_Legal_Regulations\" target=\"_blank\" rel=\"noreferrer noopener\">Health Privacy, Racialization, and the Causal Potential of Legal Regulations<\/a>. <em>The American Journal of Bioethics<\/em>, 22(7), 76-78.\u00a0<\/p>\n<p style=\"text-align: justify;\"><!-- \/wp:paragraph --><!-- wp:paragraph {\"style\":{\"typography\":{\"fontSize\":\"17px\"}}} --><\/p>\n<p style=\"font-size: 17px; text-align: justify;\">Malinowska, J. K. (2022).\u00a0<a href=\"https:\/\/doi.org\/10.1007\/s12369-021-00787-5\" target=\"_blank\" rel=\"noreferrer noopener\">Can I feel your pain? The biological and socio-cognitive factors shaping people\u2019s empathy with social robots<\/a>. <em>International Journal of Social Robotics<\/em>, 1-15.\u00a0<\/p>\n<p style=\"text-align: justify;\"><!-- \/wp:paragraph --><!-- wp:paragraph {\"style\":{\"typography\":{\"fontSize\":\"17px\"}}} --><\/p>\n<p style=\"font-size: 17px; text-align: justify;\">Malinowska, J. K. (2021).<em>\u00a0<\/em><a href=\"\/\/doi.org\/10.1007\/s11023-021-09558-7\" target=\"_blank\" rel=\"noreferrer noopener\">What Does It Mean to Empathise with a Robot?<\/a> <em>Minds and Machines<\/em>, 1-16.<\/p>\n<p style=\"text-align: justify;\"><!-- \/wp:paragraph --><!-- wp:paragraph {\"style\":{\"typography\":{\"fontSize\":\"17px\"}}} --><\/p>\n<p style=\"font-size: 17px; text-align: justify;\">Malinowska, J. K. (2021).\u00a0<a href=\"https:\/\/www.researchgate.net\/publication\/354800346_Methodological_and_Ethical_Risks_Associated_with_the_Epistemic_Unification_of_Tribe_Member\" target=\"_blank\" rel=\"noreferrer noopener\">Methodological and Ethical Risks Associated with the Epistemic Unification of Tribe Members<em>.<\/em><\/a> <em>The American Journal of Bioethics<\/em>, 21(10), 32-34.<\/p>\n<p style=\"text-align: justify;\"><!-- \/wp:paragraph --><!-- wp:paragraph {\"style\":{\"typography\":{\"fontSize\":\"17px\"}}} --><\/p>\n<p style=\"font-size: 17px; text-align: justify;\">Musia\u0142, M., &amp; Malinowska, J. K. (2021),\u00a0A comparison of naturalist and antinaturalist explanations for why people consider robots animate and experience emotions towards them<em>. Journal of Future Robot Life<\/em>, (Preprint), 1-18.<\/p>\n<p style=\"text-align: justify;\"><!-- \/wp:paragraph --><!-- wp:paragraph {\"style\":{\"typography\":{\"fontSize\":\"17px\"}}} --><\/p>\n<p style=\"font-size: 17px; text-align: justify;\">Malinowska, J. K. (2020),\u00a0<em>T<\/em>he growing need for reliable conceptual analysis in HRI studies: The example of the term \u2018Empathy\u2019<em>. In Culturally Sustainable Social Robotics<\/em>\u00a0(pp. 96-104). IOS Press.<\/p>\n<p style=\"text-align: justify;\"><!-- \/wp:paragraph --><!-- wp:paragraph {\"style\":{\"typography\":{\"fontSize\":\"17px\"}}} --><\/p>\n<p style=\"font-size: 17px; text-align: justify;\">Malinowska, J. K., &amp; \u017buradzki, T. (2020).\u00a0<a href=\"https:\/\/www.researchgate.net\/publication\/343245674_Non-Epistemological_Values_in_Collaborative_Research_in_Neuroscience_The_Case_of_Alleged_Differences_Between_Human_Populations\" target=\"_blank\" rel=\"noreferrer noopener\">Non-Epistemological Values in Collaborative Research in Neuroscience: The Case of Alleged Differences Between Human Populations<\/a><em><a href=\"https:\/\/www.researchgate.net\/publication\/343245674_Non-Epistemological_Values_in_Collaborative_Research_in_Neuroscience_The_Case_of_Alleged_Differences_Between_Human_Populations\">.<\/a><\/em> <em>AJOB Neuroscience<\/em>, 11(3), 203-206.\u00a0<\/p>\n<p style=\"text-align: justify;\"><!-- \/wp:paragraph --><!-- wp:paragraph {\"style\":{\"typography\":{\"fontSize\":\"17px\"}}} --><\/p>\n<p style=\"font-size: 17px; text-align: justify;\">Malinowska, J. K., &amp; \u017buradzki, T. (2017).\u00a0<a href=\"https:\/\/www.researchgate.net\/publication\/319230709_The_Practical_Implications_of_the_New_Metaphysics_of_Race_for_a_Postracial_Medicine_Biomedical_Research_Methodology_Institutional_Requirements_Patient-Physician_Relations\" target=\"_blank\" rel=\"noreferrer noopener\">The Practical Implications of the New Metaphysics of Race for a\u00a0Postracial Medicine: Biomedical Research Methodology, Institutional Requirements, Patient\u2013Physician Relations.<\/a> <em>The American Journal of Bioethics<\/em>, 17(9), 61-63.\u00a0<\/p>\n<p style=\"text-align: justify;\"><!-- \/wp:paragraph --><!-- wp:paragraph {\"style\":{\"typography\":{\"fontSize\":\"17px\"}}} --><\/p>\n<p style=\"font-size: 17px; text-align: justify;\">Malinowska, J. K. (2016).\u00a0<a href=\"https:\/\/doi.org\/10.1007\/s11229-016-1108-y\" target=\"_blank\" rel=\"noreferrer noopener\">Cultural neuroscience and the category of race: the case of the other-race effect.<\/a> <em>Synthese,<\/em> 193(12), 3865-3887.<\/p>\n<p><!-- \/wp:paragraph --><!-- wp:paragraph --><\/p>\n<p><!-- \/wp:paragraph --><!-- wp:paragraph --><\/p>\n<h3 style=\"text-align: center;\">Ksi\u0105\u017cki<\/h3>\n<p><!-- \/wp:paragraph --><!-- wp:paragraph {\"style\":{\"typography\":{\"fontSize\":\"17px\"}}} --><\/p>\n<p style=\"font-size: 17px;\">Malinowska, J. K. (2022). <em>Fizykalizm i ewolucjonizm w epistemologii znaturalizowanej.<\/em> Pozna\u0144. Wydawnictwo Naukowe UAM.<\/p>\n<p style=\"font-size: 17px;\">Dost\u0119p otwarty: <em><a href=\"https:\/\/press.amu.edu.pl\/pl\/fizykalizm-i-ewolucjonizm-w-epistemologii-znaturalizowanej.html\" target=\"_blank\" rel=\"noreferrer noopener\">https:\/\/press.amu.edu.pl\/pl\/fizykalizm-i-ewolucjonizm-w-epistemologii-znaturalizowanej.html<\/a><\/em><\/p>\n<p><!-- \/wp:paragraph --><!-- wp:media-text {\"mediaId\":54,\"mediaLink\":\"https:\/\/jm119.web.amu.edu.pl\/?attachment_id=54\",\"linkDestination\":\"custom\",\"mediaType\":\"image\",\"mediaWidth\":27} --><\/p>\n<div style=\"grid-template-columns: 27% auto;\">\n<figure style=\"text-align: justify;\"><a href=\"https:\/\/press.amu.edu.pl\/pub\/media\/productattach\/m\/a\/malinowska_fizykalizm_2022_-_amup.pdf\"><img decoding=\"async\" src=\"https:\/\/jm119.web.amu.edu.pl\/wp-content\/uploads\/2023\/03\/Screenshot-2023-03-17-at-13.21.11-669x1024.png\" alt=\"\" \/><\/a><\/figure>\n<div>\n<p style=\"text-align: justify;\"><!-- wp:paragraph {\"placeholder\":\"Tre\u015b\u0107...\",\"style\":{\"typography\":{\"fontSize\":\"17px\"}}} --><\/p>\n<p style=\"font-size: 17px; text-align: justify;\">&#8222;Ksi\u0105\u017cka stanowi dog\u0142\u0119bne studium epistemologii znaturalizowanej w jej dw\u00f3ch ods\u0142onach \u2013 fizykalistycznej i\u00a0ewolucjonistycznej. Jest przy tym jedynym tak szczeg\u00f3\u0142owym om\u00f3wieniem epistemologii ewolucyjnej (zar\u00f3wno je\u015bli chodzi o\u00a0polsk\u0105, jak\u00a0i zagraniczn\u0105 literatur\u0119). Autorka stawia pytania\u00a0o\u00a0ontologiczne, metodologiczne i\u00a0epistemologiczne podstawy omawianych przez ni\u0105 stanowisk. Dowodzi (odwo\u0142uj\u0105c si\u0119 nie tylko do filozoficznych rozwa\u017ca\u0144, ale tak\u017ce wiedzy z\u00a0obszaru neuronauk czy genetyki), \u017ce konstruktywizm biologiczno-kulturowy (program badawczy realizowany m.in. przez neuronauk\u0119 kulturow\u0105) jest wsp\u00f3\u0142czesn\u0105, interdyscyplinarn\u0105 kontynuacj\u0105 programu epistemologii ewolucyjnej. Przyst\u0119pny j\u0119zyk, przejrzysta struktura i\u00a0interdyscyplinarny charakter ksi\u0105\u017cki sprawiaj\u0105, \u017ce mo\u017ce by\u0107 ona interesuj\u0105c\u0105 lektur\u0105 dla szerokiego grona odbiorc\u00f3w.&#8221;<\/p>\n<p><!-- \/wp:paragraph --><\/p>\n<\/div>\n<\/div>\n<p><!-- \/wp:media-text --><\/p>\t\t\t\t\t\t<\/div>\n\t\t\t\t<\/div>\n\t\t\t\t\t<\/div>\n\t\t<\/div>\n\t\t\t\t\t\t\t<\/div>\n\t\t<\/section>\n\t\t\t\t\t\t\t<\/div>\n\t\t","protected":false},"excerpt":{"rendered":"<p>Wybrane artyku\u0142y i komentarze naukowe \u00a0Malinowska, J.K. (2026). White by &hellip; <\/p>\n","protected":false},"author":1,"featured_media":0,"parent":0,"menu_order":0,"comment_status":"closed","ping_status":"closed","template":"","meta":{"footnotes":""},"class_list":["post-49","page","type-page","status-publish","hentry"],"_links":{"self":[{"href":"https:\/\/jm119.web.amu.edu.pl\/index.php?rest_route=\/wp\/v2\/pages\/49","targetHints":{"allow":["GET"]}}],"collection":[{"href":"https:\/\/jm119.web.amu.edu.pl\/index.php?rest_route=\/wp\/v2\/pages"}],"about":[{"href":"https:\/\/jm119.web.amu.edu.pl\/index.php?rest_route=\/wp\/v2\/types\/page"}],"author":[{"embeddable":true,"href":"https:\/\/jm119.web.amu.edu.pl\/index.php?rest_route=\/wp\/v2\/users\/1"}],"replies":[{"embeddable":true,"href":"https:\/\/jm119.web.amu.edu.pl\/index.php?rest_route=%2Fwp%2Fv2%2Fcomments&post=49"}],"version-history":[{"count":84,"href":"https:\/\/jm119.web.amu.edu.pl\/index.php?rest_route=\/wp\/v2\/pages\/49\/revisions"}],"predecessor-version":[{"id":1443,"href":"https:\/\/jm119.web.amu.edu.pl\/index.php?rest_route=\/wp\/v2\/pages\/49\/revisions\/1443"}],"wp:attachment":[{"href":"https:\/\/jm119.web.amu.edu.pl\/index.php?rest_route=%2Fwp%2Fv2%2Fmedia&parent=49"}],"curies":[{"name":"wp","href":"https:\/\/api.w.org\/{rel}","templated":true}]}}